{"id":186,"date":"2025-08-07T21:06:34","date_gmt":"2025-08-07T19:06:34","guid":{"rendered":"https:\/\/wydarzeniaszydlowiec.pl\/?page_id=186"},"modified":"2025-08-09T01:01:36","modified_gmt":"2025-08-08T23:01:36","slug":"elementor-186","status":"publish","type":"page","link":"https:\/\/wydarzeniaszydlowiec.pl\/","title":{"rendered":"home"},"content":{"rendered":"\t\t<div data-elementor-type=\"wp-page\" data-elementor-id=\"186\" class=\"elementor elementor-186\">\n\t\t\t\t<div class=\"elementor-element elementor-element-132d4d6 e-flex e-con-boxed elementor-invisible e-con e-parent\" data-id=\"132d4d6\" data-element_type=\"container\" data-settings=\"{&quot;background_background&quot;:&quot;classic&quot;,&quot;animation&quot;:&quot;fadeInLeft&quot;,&quot;shape_divider_bottom&quot;:&quot;wave-brush&quot;}\">\n\t\t\t\t\t<div class=\"e-con-inner\">\n\t\t\t\t<div class=\"elementor-shape elementor-shape-bottom\" aria-hidden=\"true\" data-negative=\"false\">\n\t\t\t<svg xmlns=\"http:\/\/www.w3.org\/2000\/svg\" viewBox=\"0 0 283.5 27.8\" preserveAspectRatio=\"none\">\n\t<path class=\"elementor-shape-fill\" d=\"M283.5,9.7c0,0-7.3,4.3-14,4.6c-6.8,0.3-12.6,0-20.9-1.5c-11.3-2-33.1-10.1-44.7-5.7\ts-12.1,4.6-18,7.4c-6.6,3.2-20,9.6-36.6,9.3C131.6,23.5,99.5,7.2,86.3,8c-1.4,0.1-6.6,0.8-10.5,2c-3.8,1.2-9.4,3.8-17,4.7\tc-3.2,0.4-8.3,1.1-14.2,0.9c-1.5-0.1-6.3-0.4-12-1.6c-5.7-1.2-11-3.1-15.8-3.7C6.5,9.2,0,10.8,0,10.8V0h283.5V9.7z M260.8,11.3\tc-0.7-1-2-0.4-4.3-0.4c-2.3,0-6.1-1.2-5.8-1.1c0.3,0.1,3.1,1.5,6,1.9C259.7,12.2,261.4,12.3,260.8,11.3z M242.4,8.6\tc0,0-2.4-0.2-5.6-0.9c-3.2-0.8-10.3-2.8-15.1-3.5c-8.2-1.1-15.8,0-15.1,0.1c0.8,0.1,9.6-0.6,17.6,1.1c3.3,0.7,9.3,2.2,12.4,2.7\tC239.9,8.7,242.4,8.6,242.4,8.6z M185.2,8.5c1.7-0.7-13.3,4.7-18.5,6.1c-2.1,0.6-6.2,1.6-10,2c-3.9,0.4-8.9,0.4-8.8,0.5\tc0,0.2,5.8,0.8,11.2,0c5.4-0.8,5.2-1.1,7.6-1.6C170.5,14.7,183.5,9.2,185.2,8.5z M199.1,6.9c0.2,0-0.8-0.4-4.8,1.1\tc-4,1.5-6.7,3.5-6.9,3.7c-0.2,0.1,3.5-1.8,6.6-3C197,7.5,199,6.9,199.1,6.9z M283,6c-0.1,0.1-1.9,1.1-4.8,2.5s-6.9,2.8-6.7,2.7\tc0.2,0,3.5-0.6,7.4-2.5C282.8,6.8,283.1,5.9,283,6z M31.3,11.6c0.1-0.2-1.9-0.2-4.5-1.2s-5.4-1.6-7.8-2C15,7.6,7.3,8.5,7.7,8.6\tC8,8.7,15.9,8.3,20.2,9.3c2.2,0.5,2.4,0.5,5.7,1.6S31.2,11.9,31.3,11.6z M73,9.2c0.4-0.1,3.5-1.6,8.4-2.6c4.9-1.1,8.9-0.5,8.9-0.8\tc0-0.3-1-0.9-6.2-0.3S72.6,9.3,73,9.2z M71.6,6.7C71.8,6.8,75,5.4,77.3,5c2.3-0.3,1.9-0.5,1.9-0.6c0-0.1-1.1-0.2-2.7,0.2\tC74.8,5.1,71.4,6.6,71.6,6.7z M93.6,4.4c0.1,0.2,3.5,0.8,5.6,1.8c2.1,1,1.8,0.6,1.9,0.5c0.1-0.1-0.8-0.8-2.4-1.3\tC97.1,4.8,93.5,4.2,93.6,4.4z M65.4,11.1c-0.1,0.3,0.3,0.5,1.9-0.2s2.6-1.3,2.2-1.2s-0.9,0.4-2.5,0.8C65.3,10.9,65.5,10.8,65.4,11.1\tz M34.5,12.4c-0.2,0,2.1,0.8,3.3,0.9c1.2,0.1,2,0.1,2-0.2c0-0.3-0.1-0.5-1.6-0.4C36.6,12.8,34.7,12.4,34.5,12.4z M152.2,21.1\tc-0.1,0.1-2.4-0.3-7.5-0.3c-5,0-13.6-2.4-17.2-3.5c-3.6-1.1,10,3.9,16.5,4.1C150.5,21.6,152.3,21,152.2,21.1z\"\/>\n\t<path class=\"elementor-shape-fill\" d=\"M269.6,18c-0.1-0.1-4.6,0.3-7.2,0c-7.3-0.7-17-3.2-16.6-2.9c0.4,0.3,13.7,3.1,17,3.3\tC267.7,18.8,269.7,18,269.6,18z\"\/>\n\t<path class=\"elementor-shape-fill\" d=\"M227.4,9.8c-0.2-0.1-4.5-1-9.5-1.2c-5-0.2-12.7,0.6-12.3,0.5c0.3-0.1,5.9-1.8,13.3-1.2\tS227.6,9.9,227.4,9.8z\"\/>\n\t<path class=\"elementor-shape-fill\" d=\"M204.5,13.4c-0.1-0.1,2-1,3.2-1.1c1.2-0.1,2,0,2,0.3c0,0.3-0.1,0.5-1.6,0.4\tC206.4,12.9,204.6,13.5,204.5,13.4z\"\/>\n\t<path class=\"elementor-shape-fill\" d=\"M201,10.6c0-0.1-4.4,1.2-6.3,2.2c-1.9,0.9-6.2,3.1-6.1,3.1c0.1,0.1,4.2-1.6,6.3-2.6\tS201,10.7,201,10.6z\"\/>\n\t<path class=\"elementor-shape-fill\" d=\"M154.5,26.7c-0.1-0.1-4.6,0.3-7.2,0c-7.3-0.7-17-3.2-16.6-2.9c0.4,0.3,13.7,3.1,17,3.3\tC152.6,27.5,154.6,26.8,154.5,26.7z\"\/>\n\t<path class=\"elementor-shape-fill\" d=\"M41.9,19.3c0,0,1.2-0.3,2.9-0.1c1.7,0.2,5.8,0.9,8.2,0.7c4.2-0.4,7.4-2.7,7-2.6\tc-0.4,0-4.3,2.2-8.6,1.9c-1.8-0.1-5.1-0.5-6.7-0.4S41.9,19.3,41.9,19.3z\"\/>\n\t<path class=\"elementor-shape-fill\" d=\"M75.5,12.6c0.2,0.1,2-0.8,4.3-1.1c2.3-0.2,2.1-0.3,2.1-0.5c0-0.1-1.8-0.4-3.4,0\tC76.9,11.5,75.3,12.5,75.5,12.6z\"\/>\n\t<path class=\"elementor-shape-fill\" d=\"M15.6,13.2c0-0.1,4.3,0,6.7,0.5c2.4,0.5,5,1.9,5,2c0,0.1-2.7-0.8-5.1-1.4\tC19.9,13.7,15.7,13.3,15.6,13.2z\"\/>\n<\/svg>\t\t<\/div>\n\t\t<div class=\"elementor-element elementor-element-ac70478 e-con-full e-flex e-con e-child\" data-id=\"ac70478\" data-element_type=\"container\" data-settings=\"{&quot;background_background&quot;:&quot;classic&quot;}\">\n\t\t\t\t<div class=\"elementor-element elementor-element-c3a9279 elementor-widget elementor-widget-heading\" data-id=\"c3a9279\" data-element_type=\"widget\" data-widget_type=\"heading.default\">\n\t\t\t\t\t<h1 class=\"elementor-heading-title elementor-size-default\">Odkryj wydarzenia w Szyd\u0142owcu<\/h1>\t\t\t\t<\/div>\n\t\t\t\t<div class=\"elementor-element elementor-element-af5f9ca elementor-widget elementor-widget-heading\" data-id=\"af5f9ca\" data-element_type=\"widget\" data-widget_type=\"heading.default\">\n\t\t\t\t\t<h2 class=\"elementor-heading-title elementor-size-default\">Najwi\u0119ksza baza lokalnych wydarze\u0144 kulturalnych, sportowych i rozrywkowych. Znajd\u017a co\u015b dla siebie ju\u017c dzi\u015b!<\/h2>\t\t\t\t<\/div>\n\t\t\t\t<\/div>\n\t\t\t\t\t<\/div>\n\t\t\t\t<\/div>\n\t\t<div class=\"elementor-element elementor-element-fed5339 e-flex e-con-boxed e-con e-parent\" data-id=\"fed5339\" data-element_type=\"container\">\n\t\t\t\t\t<div class=\"e-con-inner\">\n\t\t<div class=\"elementor-element elementor-element-44bcad7 e-con-full e-flex e-con e-child\" data-id=\"44bcad7\" data-element_type=\"container\">\n\t\t\t\t<div class=\"elementor-element elementor-element-4c2e238 elementor-widget elementor-widget-heading\" data-id=\"4c2e238\" data-element_type=\"widget\" data-widget_type=\"heading.default\">\n\t\t\t\t\t<h2 class=\"elementor-heading-title elementor-size-default\">Nadchodz\u0105ce wydarzenia<\/h2>\t\t\t\t<\/div>\n\t\t\t\t<div class=\"elementor-element elementor-element-9d7ab8d elementor-widget elementor-widget-shortcode\" data-id=\"9d7ab8d\" data-element_type=\"widget\" data-widget_type=\"shortcode.default\">\n\t\t\t\t\t\t\t<div class=\"elementor-shortcode\"><!-- EventON Calendar --><div id='evcal_calendar_484' class='list_cal ajde_evcal_calendar boxy color tbg1 boxstyle0 box_4 het ul etttc_custom ' ><div id='evcal_head' class='calendar_header ' ><div class='evo_cal_above'><span class='evo-gototoday-btn evo_hide' style='display:none;' data-mo='4' data-yr='2026' data-dy=''>Current Month<\/span><\/div><div class='evo_cal_above_content'><\/div><\/div><div class='eventon_sorting_section' style='display:none'><div class='eventon_filter_line '><\/div><div class='clear'><\/div><\/div><div id='eventon_loadbar_section'><div id='eventon_loadbar'><\/div><\/div><!-- Events List --><div id='evcal_list' \n\t\t\t\t\tclass='eventon_events_list '><div class='eventon_list_event no_events'><p class='no_events' >No Events<\/p><\/div>\t\t\t<div class='clear'><\/div>\n\t\t\t<\/div>\n\t\t\t<div class='clear'><\/div>\n\t\t\t\n\t\t\t\t\t \t<div id='evcal_footer' class='evo_bottom' style='display:none'>\n\t\t \t\t<div class='evo_cal_data' data-sc='{&quot;accord&quot;:&quot;no&quot;,&quot;bottom_nav&quot;:&quot;no&quot;,&quot;cal_id&quot;:&quot;&quot;,&quot;cal_init_nonajax&quot;:&quot;no&quot;,&quot;calendar_type&quot;:&quot;list&quot;,&quot;ep_fields&quot;:&quot;&quot;,&quot;etc_override&quot;:&quot;no&quot;,&quot;evc_open&quot;:&quot;no&quot;,&quot;event_count&quot;:0,&quot;event_location&quot;:&quot;all&quot;,&quot;event_order&quot;:&quot;ASC&quot;,&quot;event_organizer&quot;:&quot;all&quot;,&quot;event_parts&quot;:&quot;no&quot;,&quot;event_past_future&quot;:&quot;future&quot;,&quot;event_status&quot;:&quot;all&quot;,&quot;event_tag&quot;:&quot;all&quot;,&quot;event_type&quot;:&quot;all&quot;,&quot;event_type_2&quot;:&quot;all&quot;,&quot;event_virtual&quot;:&quot;all&quot;,&quot;eventtop_date_style&quot;:0,&quot;eventtop_style&quot;:&quot;2&quot;,&quot;exp_jumper&quot;:&quot;no&quot;,&quot;exp_so&quot;:&quot;no&quot;,&quot;filter_relationship&quot;:&quot;AND&quot;,&quot;filter_show_set_only&quot;:&quot;no&quot;,&quot;filter_type&quot;:&quot;default&quot;,&quot;filters&quot;:&quot;yes&quot;,&quot;fixed_month&quot;:&quot;4&quot;,&quot;fixed_year&quot;:&quot;2026&quot;,&quot;focus_end_date_range&quot;:&quot;1782856799&quot;,&quot;focus_start_date_range&quot;:&quot;1774994400&quot;,&quot;ft_event_priority&quot;:&quot;yes&quot;,&quot;hide_arrows&quot;:&quot;no&quot;,&quot;hide_cancels&quot;:&quot;no&quot;,&quot;hide_empty_months&quot;:&quot;no&quot;,&quot;hide_end_time&quot;:&quot;yes&quot;,&quot;hide_et_dn&quot;:&quot;no&quot;,&quot;hide_et_extra&quot;:&quot;no&quot;,&quot;hide_et_tags&quot;:&quot;no&quot;,&quot;hide_et_tl&quot;:&quot;no&quot;,&quot;hide_ft&quot;:&quot;no&quot;,&quot;hide_ft_img&quot;:&quot;no&quot;,&quot;hide_month_headers&quot;:&quot;yes&quot;,&quot;hide_mult_occur&quot;:&quot;no&quot;,&quot;hide_past&quot;:&quot;no&quot;,&quot;hide_past_by&quot;:&quot;ee&quot;,&quot;hide_so&quot;:&quot;yes&quot;,&quot;ics&quot;:&quot;no&quot;,&quot;jumper&quot;:&quot;no&quot;,&quot;jumper_count&quot;:5,&quot;jumper_offset&quot;:&quot;0&quot;,&quot;lang&quot;:&quot;L1&quot;,&quot;layout_changer&quot;:&quot;no&quot;,&quot;livenow_bar&quot;:&quot;yes&quot;,&quot;mapformat&quot;:&quot;roadmap&quot;,&quot;mapiconurl&quot;:&quot;&quot;,&quot;maps_load&quot;:&quot;yes&quot;,&quot;mapscroll&quot;:&quot;true&quot;,&quot;mapzoom&quot;:&quot;18&quot;,&quot;members_only&quot;:&quot;no&quot;,&quot;ml_priority&quot;:&quot;no&quot;,&quot;month_incre&quot;:0,&quot;number_of_months&quot;:&quot;3&quot;,&quot;only_ft&quot;:&quot;no&quot;,&quot;pec&quot;:&quot;&quot;,&quot;s&quot;:&quot;&quot;,&quot;search&quot;:&quot;&quot;,&quot;search_all&quot;:&quot;no&quot;,&quot;sep_month&quot;:&quot;no&quot;,&quot;show_et_ft_img&quot;:&quot;no&quot;,&quot;show_limit&quot;:&quot;no&quot;,&quot;show_limit_ajax&quot;:&quot;no&quot;,&quot;show_limit_paged&quot;:1,&quot;show_limit_redir&quot;:&quot;&quot;,&quot;show_repeats&quot;:&quot;no&quot;,&quot;show_upcoming&quot;:0,&quot;show_year&quot;:&quot;no&quot;,&quot;social_share&quot;:&quot;no&quot;,&quot;sort_by&quot;:&quot;sort_date&quot;,&quot;tile_bg&quot;:&quot;1&quot;,&quot;tile_bg_size&quot;:&quot;med&quot;,&quot;tile_count&quot;:&quot;4&quot;,&quot;tile_height&quot;:0,&quot;tile_style&quot;:0,&quot;tiles&quot;:&quot;yes&quot;,&quot;ux_val&quot;:&quot;0&quot;,&quot;wpml_l1&quot;:&quot;&quot;,&quot;wpml_l2&quot;:&quot;&quot;,&quot;wpml_l3&quot;:&quot;&quot;,&quot;yl_priority&quot;:&quot;no&quot;,&quot;fixed_day&quot;:&quot;27&quot;,&quot;_cver&quot;:&quot;2.4.7&quot;}'data-od='{&quot;lang_no_events&quot;:&quot;No Events&quot;,&quot;cal_tz_offset&quot;:120,&quot;cal_tz&quot;:&quot;Europe\\\/Warsaw&quot;}'><\/div>\n\t\t \t\t<div class='evo_cal_events' data-events=\"\"><\/div>\n\t\t \t<\/div>\n\t\t\t\t\n\t\t\t\n\t\t\t\n\t\t\t\t\t\t<\/div><!-- EventON End -->\n\t\t\t<\/div>\n\t\t\t\t\t\t<\/div>\n\t\t\t\t<\/div>\n\t\t\t\t\t<\/div>\n\t\t\t\t<\/div>\n\t\t<div class=\"elementor-element elementor-element-6b98f53 e-flex e-con-boxed e-con e-parent\" data-id=\"6b98f53\" data-element_type=\"container\">\n\t\t\t\t\t<div class=\"e-con-inner\">\n\t\t<div class=\"elementor-element elementor-element-991641a e-con-full e-flex e-con e-child\" data-id=\"991641a\" data-element_type=\"container\">\n\t\t<div class=\"elementor-element elementor-element-779e8c0 e-grid e-con-full e-con e-child\" data-id=\"779e8c0\" data-element_type=\"container\">\n\t\t\t\t<div class=\"elementor-element elementor-element-444d446 elementor-widget elementor-widget-text-editor\" data-id=\"444d446\" data-element_type=\"widget\" data-widget_type=\"text-editor.default\">\n\t\t\t\t\t\t\t\t\t<h4>Nasza misja<\/h4><p class=\"text-muted-foreground font-inter mb-4\" data-lov-id=\"src\/components\/AboutSection.tsx:65:14\" data-lov-name=\"p\" data-component-path=\"src\/components\/AboutSection.tsx\" data-component-line=\"65\" data-component-file=\"AboutSection.tsx\" data-component-name=\"p\" data-component-content=\"%7B%22text%22%3A%22Chcemy%2C%20aby%20ka%C5%BCdy%20mieszkaniec%20Krakowa%20mia%C5%82%20%C5%82atwy%20dost%C4%99p%20do%20informacji%20o%20wydarzeniach%20kulturalnych%2C%20%5Cn%20%20%20%20%20%20%20%20%20%20%20%20%20%20%20%20sportowych%20i%20rozrywkowych%20w%20swoim%20mie%C5%9Bcie.%20Wierzymy%2C%20%C5%BCe%20aktywne%20uczestnictwo%20w%20%C5%BCyciu%20kulturalnym%20%5Cn%20%20%20%20%20%20%20%20%20%20%20%20%20%20%20%20wzbogaca%20nasze%20do%C5%9Bwiadczenia%20i%20tworzy%20silniejsze%20wi%C4%99zi%20spo%C5%82eczne.%22%2C%22className%22%3A%22text-muted-foreground%20font-inter%20mb-4%22%7D\">Chcemy, aby ka\u017cdy mieszkaniec Szyd\u0142owca mia\u0142 \u0142atwy dost\u0119p do informacji o wydarzeniach kulturalnych, sportowych i rozrywkowych w swoim mie\u015bcie. Wierzymy, \u017ce aktywne uczestnictwo w \u017cyciu kulturalnym wzbogaca nasze do\u015bwiadczenia i tworzy silniejsze wi\u0119zi spo\u0142eczne.<\/p><p class=\"text-muted-foreground font-inter\" data-lov-id=\"src\/components\/AboutSection.tsx:70:14\" data-lov-name=\"p\" data-component-path=\"src\/components\/AboutSection.tsx\" data-component-line=\"70\" data-component-file=\"AboutSection.tsx\" data-component-name=\"p\" data-component-content=\"%7B%22text%22%3A%22Nasza%20platforma%20powsta%C5%82a%20z%20my%C5%9Bl%C4%85%20o%20organizatorach%20wydarze%C5%84%2C%20kt%C3%B3rzy%20chc%C4%85%20dotrze%C4%87%20do%20szerszej%20%5Cn%20%20%20%20%20%20%20%20%20%20%20%20%20%20%20%20publiczno%C5%9Bci%2C%20oraz%20o%20mieszka%C5%84cach%20poszukuj%C4%85cych%20inspiracji%20na%20sp%C4%99dzenie%20wolnego%20czasu.%22%2C%22className%22%3A%22text-muted-foreground%20font-inter%22%7D\">Nasza platforma powsta\u0142a z my\u015bl\u0105 o organizatorach wydarze\u0144, kt\u00f3rzy chc\u0105 dotrze\u0107 do szerszej publiczno\u015bci, oraz o mieszka\u0144cach poszukuj\u0105cych inspiracji na sp\u0119dzenie wolnego czasu.<\/p>\t\t\t\t\t\t\t\t<\/div>\n\t\t<div class=\"elementor-element elementor-element-a43ef8d e-con-full e-flex e-con e-child\" data-id=\"a43ef8d\" data-element_type=\"container\">\n\t\t\t\t<div class=\"elementor-element elementor-element-f22ddf3 elementor-widget elementor-widget-text-editor\" data-id=\"f22ddf3\" data-element_type=\"widget\" data-widget_type=\"text-editor.default\">\n\t\t\t\t\t\t\t\t\t<h4>Dla uczestnik\u00f3w<\/h4><p class=\"text-sm text-muted-foreground font-inter\" data-lov-id=\"src\/components\/AboutSection.tsx:86:16\" data-lov-name=\"p\" data-component-path=\"src\/components\/AboutSection.tsx\" data-component-line=\"86\" data-component-file=\"AboutSection.tsx\" data-component-name=\"p\" data-component-content=\"%7B%22text%22%3A%22%C5%81atwe%20odkrywanie%20wydarze%C5%84%20dopasowanych%20do%20Twoich%20zainteresowa%C5%84.%22%2C%22className%22%3A%22text-sm%20text-muted-foreground%20font-inter%22%7D\">\u0141atwe odkrywanie wydarze\u0144 dopasowanych do Twoich zainteresowa\u0144.<\/p>\t\t\t\t\t\t\t\t<\/div>\n\t\t\t\t<div class=\"elementor-element elementor-element-c50d560 elementor-widget elementor-widget-text-editor\" data-id=\"c50d560\" data-element_type=\"widget\" data-widget_type=\"text-editor.default\">\n\t\t\t\t\t\t\t\t\t<h4>Dla miasta<\/h4><p class=\"text-sm text-muted-foreground font-inter\" data-lov-id=\"src\/components\/AboutSection.tsx:86:16\" data-lov-name=\"p\" data-component-path=\"src\/components\/AboutSection.tsx\" data-component-line=\"86\" data-component-file=\"AboutSection.tsx\" data-component-name=\"p\" data-component-content=\"%7B%22text%22%3A%22%C5%81atwe%20odkrywanie%20wydarze%C5%84%20dopasowanych%20do%20Twoich%20zainteresowa%C5%84.%22%2C%22className%22%3A%22text-sm%20text-muted-foreground%20font-inter%22%7D\">Wzmacnianie lokalnej kultury i budowanie aktywnej spo\u0142eczno\u015bci.<\/p>\t\t\t\t\t\t\t\t<\/div>\n\t\t\t\t<div class=\"elementor-element elementor-element-f8b1d0f elementor-widget elementor-widget-text-editor\" data-id=\"f8b1d0f\" data-element_type=\"widget\" data-widget_type=\"text-editor.default\">\n\t\t\t\t\t\t\t\t\t<h4>Dla organizator\u00f3w<\/h4><p class=\"text-sm text-muted-foreground font-inter\" data-lov-id=\"src\/components\/AboutSection.tsx:86:16\" data-lov-name=\"p\" data-component-path=\"src\/components\/AboutSection.tsx\" data-component-line=\"86\" data-component-file=\"AboutSection.tsx\" data-component-name=\"p\" data-component-content=\"%7B%22text%22%3A%22%C5%81atwe%20odkrywanie%20wydarze%C5%84%20dopasowanych%20do%20Twoich%20zainteresowa%C5%84.%22%2C%22className%22%3A%22text-sm%20text-muted-foreground%20font-inter%22%7D\">Bezp\u0142atna promocja wydarze\u0144 i dotarcie do lokalnej spo\u0142eczno\u015bci.<\/p>\t\t\t\t\t\t\t\t<\/div>\n\t\t\t\t<\/div>\n\t\t\t\t<\/div>\n\t\t\t\t<\/div>\n\t\t\t\t\t<\/div>\n\t\t\t\t<\/div>\n\t\t\t\t<\/div>\n\t\t","protected":false},"excerpt":{"rendered":"<p>Odkryj wydarzenia w Szyd\u0142owcu Najwi\u0119ksza baza lokalnych wydarze\u0144 kulturalnych, sportowych i rozrywkowych. Znajd\u017a co\u015b dla siebie ju\u017c dzi\u015b! Nadchodz\u0105ce wydarzenia [&hellip;]<\/p>\n","protected":false},"author":1,"featured_media":0,"parent":0,"menu_order":0,"comment_status":"closed","ping_status":"closed","template":"elementor_header_footer","meta":{"site-sidebar-layout":"no-sidebar","site-content-layout":"","ast-site-content-layout":"full-width-container","site-content-style":"default","site-sidebar-style":"default","ast-global-header-display":"","ast-banner-title-visibility":"","ast-main-header-display":"","ast-hfb-above-header-display":"","ast-hfb-below-header-display":"","ast-hfb-mobile-header-display":"","site-post-title":"disabled","ast-breadcrumbs-content":"","ast-featured-img":"disabled","footer-sml-layout":"","theme-transparent-header-meta":"","adv-header-id-meta":"","stick-header-meta":"","header-above-stick-meta":"","header-main-stick-meta":"","header-below-stick-meta":"","astra-migrate-meta-layouts":"default","ast-page-background-enabled":"default","ast-page-background-meta":{"desktop":{"background-color":"var(--ast-global-color-5)","background-image":"","background-repeat":"repeat","background-position":"center center","background-size":"auto","background-attachment":"scroll","background-type":"","background-media":"","overlay-type":"","overlay-color":"","overlay-opacity":"","overlay-gradient":""},"tablet":{"background-color":"","background-image":"","background-repeat":"repeat","background-position":"center center","background-size":"auto","background-attachment":"scroll","background-type":"","background-media":"","overlay-type":"","overlay-color":"","overlay-opacity":"","overlay-gradient":""},"mobile":{"background-color":"","background-image":"","background-repeat":"repeat","background-position":"center center","background-size":"auto","background-attachment":"scroll","background-type":"","background-media":"","overlay-type":"","overlay-color":"","overlay-opacity":"","overlay-gradient":""}},"ast-content-background-meta":{"desktop":{"background-color":"var(--ast-global-color-4)","background-image":"","background-repeat":"repeat","background-position":"center center","background-size":"auto","background-attachment":"scroll","background-type":"","background-media":"","overlay-type":"","overlay-color":"","overlay-opacity":"","overlay-gradient":""},"tablet":{"background-color":"var(--ast-global-color-4)","background-image":"","background-repeat":"repeat","background-position":"center center","background-size":"auto","background-attachment":"scroll","background-type":"","background-media":"","overlay-type":"","overlay-color":"","overlay-opacity":"","overlay-gradient":""},"mobile":{"background-color":"var(--ast-global-color-4)","background-image":"","background-repeat":"repeat","background-position":"center center","background-size":"auto","background-attachment":"scroll","background-type":"","background-media":"","overlay-type":"","overlay-color":"","overlay-opacity":"","overlay-gradient":""}},"iawp_total_views":128,"footnotes":""},"class_list":["post-186","page","type-page","status-publish","hentry"],"yoast_head":"<!-- This site is optimized with the Yoast SEO plugin v25.6 - https:\/\/yoast.com\/wordpress\/plugins\/seo\/ -->\n<title>home - WydarzeniaSzydlowiec.pl - Tw\u00f3j agregator wydarze\u0144 w Szyd\u0142owcu!<\/title>\n<meta name=\"robots\" content=\"index, follow, max-snippet:-1, max-image-preview:large, max-video-preview:-1\" \/>\n<link rel=\"canonical\" href=\"https:\/\/wydarzeniaszydlowiec.pl\/\" \/>\n<meta property=\"og:locale\" content=\"pl_PL\" \/>\n<meta property=\"og:type\" content=\"article\" \/>\n<meta property=\"og:title\" content=\"home - WydarzeniaSzydlowiec.pl - Tw\u00f3j agregator wydarze\u0144 w Szyd\u0142owcu!\" \/>\n<meta property=\"og:description\" content=\"Odkryj wydarzenia w Szyd\u0142owcu Najwi\u0119ksza baza lokalnych wydarze\u0144 kulturalnych, sportowych i rozrywkowych. Znajd\u017a co\u015b dla siebie ju\u017c dzi\u015b! Nadchodz\u0105ce wydarzenia [&hellip;]\" \/>\n<meta property=\"og:url\" content=\"https:\/\/wydarzeniaszydlowiec.pl\/\" \/>\n<meta property=\"og:site_name\" content=\"WydarzeniaSzydlowiec.pl - Tw\u00f3j agregator wydarze\u0144 w Szyd\u0142owcu!\" \/>\n<meta property=\"article:modified_time\" content=\"2025-08-08T23:01:36+00:00\" \/>\n<meta name=\"twitter:card\" content=\"summary_large_image\" \/>\n<meta name=\"twitter:label1\" content=\"Szacowany czas czytania\" \/>\n\t<meta name=\"twitter:data1\" content=\"1 minuta\" \/>\n<script type=\"application\/ld+json\" class=\"yoast-schema-graph\">{\"@context\":\"https:\/\/schema.org\",\"@graph\":[{\"@type\":\"WebPage\",\"@id\":\"https:\/\/wydarzeniaszydlowiec.pl\/\",\"url\":\"https:\/\/wydarzeniaszydlowiec.pl\/\",\"name\":\"home - WydarzeniaSzydlowiec.pl - Tw\u00f3j agregator wydarze\u0144 w Szyd\u0142owcu!\",\"isPartOf\":{\"@id\":\"https:\/\/wydarzeniaszydlowiec.pl\/#website\"},\"datePublished\":\"2025-08-07T19:06:34+00:00\",\"dateModified\":\"2025-08-08T23:01:36+00:00\",\"breadcrumb\":{\"@id\":\"https:\/\/wydarzeniaszydlowiec.pl\/#breadcrumb\"},\"inLanguage\":\"pl-PL\",\"potentialAction\":[{\"@type\":\"ReadAction\",\"target\":[\"https:\/\/wydarzeniaszydlowiec.pl\/\"]}]},{\"@type\":\"BreadcrumbList\",\"@id\":\"https:\/\/wydarzeniaszydlowiec.pl\/#breadcrumb\",\"itemListElement\":[{\"@type\":\"ListItem\",\"position\":1,\"name\":\"Home\",\"item\":\"https:\/\/wydarzeniaszydlowiec.pl\/\"},{\"@type\":\"ListItem\",\"position\":2,\"name\":\"home\"}]},{\"@type\":\"WebSite\",\"@id\":\"https:\/\/wydarzeniaszydlowiec.pl\/#website\",\"url\":\"https:\/\/wydarzeniaszydlowiec.pl\/\",\"name\":\"WydarzeniaSzydlowiec.pl - Tw\u00f3j agregator wydarze\u0144 w Szyd\u0142owcu!\",\"description\":\"\",\"potentialAction\":[{\"@type\":\"SearchAction\",\"target\":{\"@type\":\"EntryPoint\",\"urlTemplate\":\"https:\/\/wydarzeniaszydlowiec.pl\/?s={search_term_string}\"},\"query-input\":{\"@type\":\"PropertyValueSpecification\",\"valueRequired\":true,\"valueName\":\"search_term_string\"}}],\"inLanguage\":\"pl-PL\"}]}<\/script>\n<!-- \/ Yoast SEO plugin. -->","yoast_head_json":{"title":"home - WydarzeniaSzydlowiec.pl - Tw\u00f3j agregator wydarze\u0144 w Szyd\u0142owcu!","robots":{"index":"index","follow":"follow","max-snippet":"max-snippet:-1","max-image-preview":"max-image-preview:large","max-video-preview":"max-video-preview:-1"},"canonical":"https:\/\/wydarzeniaszydlowiec.pl\/","og_locale":"pl_PL","og_type":"article","og_title":"home - WydarzeniaSzydlowiec.pl - Tw\u00f3j agregator wydarze\u0144 w Szyd\u0142owcu!","og_description":"Odkryj wydarzenia w Szyd\u0142owcu Najwi\u0119ksza baza lokalnych wydarze\u0144 kulturalnych, sportowych i rozrywkowych. Znajd\u017a co\u015b dla siebie ju\u017c dzi\u015b! Nadchodz\u0105ce wydarzenia [&hellip;]","og_url":"https:\/\/wydarzeniaszydlowiec.pl\/","og_site_name":"WydarzeniaSzydlowiec.pl - Tw\u00f3j agregator wydarze\u0144 w Szyd\u0142owcu!","article_modified_time":"2025-08-08T23:01:36+00:00","twitter_card":"summary_large_image","twitter_misc":{"Szacowany czas czytania":"1 minuta"},"schema":{"@context":"https:\/\/schema.org","@graph":[{"@type":"WebPage","@id":"https:\/\/wydarzeniaszydlowiec.pl\/","url":"https:\/\/wydarzeniaszydlowiec.pl\/","name":"home - WydarzeniaSzydlowiec.pl - Tw\u00f3j agregator wydarze\u0144 w Szyd\u0142owcu!","isPartOf":{"@id":"https:\/\/wydarzeniaszydlowiec.pl\/#website"},"datePublished":"2025-08-07T19:06:34+00:00","dateModified":"2025-08-08T23:01:36+00:00","breadcrumb":{"@id":"https:\/\/wydarzeniaszydlowiec.pl\/#breadcrumb"},"inLanguage":"pl-PL","potentialAction":[{"@type":"ReadAction","target":["https:\/\/wydarzeniaszydlowiec.pl\/"]}]},{"@type":"BreadcrumbList","@id":"https:\/\/wydarzeniaszydlowiec.pl\/#breadcrumb","itemListElement":[{"@type":"ListItem","position":1,"name":"Home","item":"https:\/\/wydarzeniaszydlowiec.pl\/"},{"@type":"ListItem","position":2,"name":"home"}]},{"@type":"WebSite","@id":"https:\/\/wydarzeniaszydlowiec.pl\/#website","url":"https:\/\/wydarzeniaszydlowiec.pl\/","name":"WydarzeniaSzydlowiec.pl - Tw\u00f3j agregator wydarze\u0144 w Szyd\u0142owcu!","description":"","potentialAction":[{"@type":"SearchAction","target":{"@type":"EntryPoint","urlTemplate":"https:\/\/wydarzeniaszydlowiec.pl\/?s={search_term_string}"},"query-input":{"@type":"PropertyValueSpecification","valueRequired":true,"valueName":"search_term_string"}}],"inLanguage":"pl-PL"}]}},"_links":{"self":[{"href":"https:\/\/wydarzeniaszydlowiec.pl\/index.php\/wp-json\/wp\/v2\/pages\/186","targetHints":{"allow":["GET"]}}],"collection":[{"href":"https:\/\/wydarzeniaszydlowiec.pl\/index.php\/wp-json\/wp\/v2\/pages"}],"about":[{"href":"https:\/\/wydarzeniaszydlowiec.pl\/index.php\/wp-json\/wp\/v2\/types\/page"}],"author":[{"embeddable":true,"href":"https:\/\/wydarzeniaszydlowiec.pl\/index.php\/wp-json\/wp\/v2\/users\/1"}],"replies":[{"embeddable":true,"href":"https:\/\/wydarzeniaszydlowiec.pl\/index.php\/wp-json\/wp\/v2\/comments?post=186"}],"version-history":[{"count":26,"href":"https:\/\/wydarzeniaszydlowiec.pl\/index.php\/wp-json\/wp\/v2\/pages\/186\/revisions"}],"predecessor-version":[{"id":268,"href":"https:\/\/wydarzeniaszydlowiec.pl\/index.php\/wp-json\/wp\/v2\/pages\/186\/revisions\/268"}],"wp:attachment":[{"href":"https:\/\/wydarzeniaszydlowiec.pl\/index.php\/wp-json\/wp\/v2\/media?parent=186"}],"curies":[{"name":"wp","href":"https:\/\/api.w.org\/{rel}","templated":true}]}}